{"id":6258,"date":"2023-09-25T18:58:02","date_gmt":"2023-09-25T16:58:02","guid":{"rendered":"https:\/\/herzvollgold.de\/?page_id=6258"},"modified":"2025-11-14T15:03:42","modified_gmt":"2025-11-14T14:03:42","slug":"517130-success","status":"publish","type":"page","link":"https:\/\/herzvollgold.de\/en\/517130-success\/","title":{"rendered":"517130 Success"},"content":{"rendered":"\t\t<div data-elementor-type=\"wp-page\" data-elementor-id=\"6258\" class=\"elementor elementor-6258\" data-elementor-post-type=\"page\">\n\t\t\t\t\t\t<section class=\"elementor-section elementor-top-section elementor-element elementor-element-9fb94ee elementor-section-height-full elementor-section-boxed elementor-section-height-default elementor-section-items-middle\" data-id=\"9fb94ee\" data-element_type=\"section\" data-e-type=\"section\" data-settings=\"{&quot;background_background&quot;:&quot;classic&quot;}\">\n\t\t\t\t\t\t<div class=\"elementor-container elementor-column-gap-default\">\n\t\t\t\t\t<div class=\"elementor-column elementor-col-100 elementor-top-column elementor-element elementor-element-b2a6212\" data-id=\"b2a6212\" data-element_type=\"column\" data-e-type=\"column\" id=\"message-wrapper\" data-settings=\"{&quot;background_background&quot;:&quot;classic&quot;}\">\n\t\t\t<div class=\"elementor-widget-wrap elementor-element-populated\">\n\t\t\t\t\t\t<div class=\"elementor-element elementor-element-c503e05 elementor-widget elementor-widget-heading\" data-id=\"c503e05\" data-element_type=\"widget\" data-e-type=\"widget\" data-widget_type=\"heading.default\">\n\t\t\t\t<div class=\"elementor-widget-container\">\n\t\t\t\t\t<h2 class=\"elementor-heading-title elementor-size-default\">Ab jetzt gibts deine Daily dose of gold!<\/h2>\t\t\t\t<\/div>\n\t\t\t\t<\/div>\n\t\t\t\t<div class=\"elementor-element elementor-element-35caad2 elementor-widget elementor-widget-text-editor\" data-id=\"35caad2\" data-element_type=\"widget\" data-e-type=\"widget\" data-widget_type=\"text-editor.default\">\n\t\t\t\t<div class=\"elementor-widget-container\">\n\t\t\t\t\t\t\t\t\t<p style=\"text-align: left;\">Whoohoo, du wundervolle Seele, wie sch\u00f6n, dass du dich f\u00fcr deine t\u00e4gliche Dosis an goldener Energie entschieden hast!<\/p><p style=\"text-align: left;\">Die hohen Frequenzen werden sich positiv in deinem Alltag widerspiegeln. Ich freue mich darauf, gemeinsam mit dir energetisch in den Tag zu starten!<\/p><p style=\"text-align: left;\">Per Email erh\u00e4ltst du deinen Link und die Zugangsdaten zu den Live-Calls.<\/p><p style=\"text-align: left;\">Ich freue mich riesig auf dich!<\/p><p style=\"text-align: left;\">Deine Susanne<\/p>\t\t\t\t\t\t\t\t<\/div>\n\t\t\t\t<\/div>\n\t\t\t\t<div class=\"elementor-element elementor-element-a291e9e elementor-widget-divider--view-line elementor-widget elementor-widget-divider\" data-id=\"a291e9e\" data-element_type=\"widget\" data-e-type=\"widget\" data-widget_type=\"divider.default\">\n\t\t\t\t<div class=\"elementor-widget-container\">\n\t\t\t\t\t\t\t<div class=\"elementor-divider\">\n\t\t\t<span class=\"elementor-divider-separator\">\n\t\t\t\t\t\t<\/span>\n\t\t<\/div>\n\t\t\t\t\t\t<\/div>\n\t\t\t\t<\/div>\n\t\t\t\t<div class=\"elementor-element elementor-element-6f3e076 elementor-widget elementor-widget-text-editor\" data-id=\"6f3e076\" data-element_type=\"widget\" data-e-type=\"widget\" data-widget_type=\"text-editor.default\">\n\t\t\t\t<div class=\"elementor-widget-container\">\n\t\t\t\t\t\t\t\t\t<p style=\"text-align: center;\">Die Abbuchung erfolgt durch Digistore24<\/p>\t\t\t\t\t\t\t\t<\/div>\n\t\t\t\t<\/div>\n\t\t\t\t\t<\/div>\n\t\t<\/div>\n\t\t\t\t\t<\/div>\n\t\t<\/section>\n\t\t\t\t<\/div>\n\t\t","protected":false},"excerpt":{"rendered":"<p>Ab jetzt gibts deine Daily dose of gold! Whoohoo, du wundervolle Seele, wie sch\u00f6n, dass du dich f\u00fcr deine t\u00e4gliche Dosis an goldener Energie entschieden hast! Die hohen Frequenzen werden sich positiv in deinem Alltag widerspiegeln. Ich freue mich darauf, gemeinsam mit dir energetisch in den Tag zu starten! Per Email erh\u00e4ltst du deinen Link [&hellip;]<\/p>\n","protected":false},"author":3,"featured_media":0,"parent":0,"menu_order":0,"comment_status":"closed","ping_status":"closed","template":"elementor_canvas","meta":{"footnotes":""},"class_list":["post-6258","page","type-page","status-publish","hentry"],"_links":{"self":[{"href":"https:\/\/herzvollgold.de\/en\/wp-json\/wp\/v2\/pages\/6258","targetHints":{"allow":["GET"]}}],"collection":[{"href":"https:\/\/herzvollgold.de\/en\/wp-json\/wp\/v2\/pages"}],"about":[{"href":"https:\/\/herzvollgold.de\/en\/wp-json\/wp\/v2\/types\/page"}],"author":[{"embeddable":true,"href":"https:\/\/herzvollgold.de\/en\/wp-json\/wp\/v2\/users\/3"}],"replies":[{"embeddable":true,"href":"https:\/\/herzvollgold.de\/en\/wp-json\/wp\/v2\/comments?post=6258"}],"version-history":[{"count":25,"href":"https:\/\/herzvollgold.de\/en\/wp-json\/wp\/v2\/pages\/6258\/revisions"}],"predecessor-version":[{"id":8728,"href":"https:\/\/herzvollgold.de\/en\/wp-json\/wp\/v2\/pages\/6258\/revisions\/8728"}],"wp:attachment":[{"href":"https:\/\/herzvollgold.de\/en\/wp-json\/wp\/v2\/media?parent=6258"}],"curies":[{"name":"wp","href":"https:\/\/api.w.org\/{rel}","templated":true}]}}