{"id":7117,"date":"2024-04-09T18:38:29","date_gmt":"2024-04-09T16:38:29","guid":{"rendered":"https:\/\/herzvollgold.de\/?page_id=7117"},"modified":"2025-09-08T13:58:44","modified_gmt":"2025-09-08T11:58:44","slug":"heiler4-ausbildung","status":"publish","type":"page","link":"https:\/\/herzvollgold.de\/en\/heiler4-ausbildung\/","title":{"rendered":"Ausbildung Heiler\/in 4"},"content":{"rendered":"\t\t<div data-elementor-type=\"wp-page\" data-elementor-id=\"7117\" class=\"elementor elementor-7117\" data-elementor-post-type=\"page\">\n\t\t\t\t\t\t<section class=\"elementor-section elementor-top-section elementor-element elementor-element-2c8644bc elementor-section-height-min-height elementor-section-items-bottom elementor-section-boxed elementor-section-height-default\" data-id=\"2c8644bc\" data-element_type=\"section\" data-e-type=\"section\" data-settings=\"{&quot;background_background&quot;:&quot;classic&quot;}\">\n\t\t\t\t\t\t\t<div class=\"elementor-background-overlay\"><\/div>\n\t\t\t\t\t\t\t<div class=\"elementor-container elementor-column-gap-default\">\n\t\t\t\t\t<div class=\"elementor-column elementor-col-100 elementor-top-column elementor-element elementor-element-1f1e4585\" data-id=\"1f1e4585\" data-element_type=\"column\" data-e-type=\"column\" data-settings=\"{&quot;background_background&quot;:&quot;classic&quot;}\">\n\t\t\t<div class=\"elementor-widget-wrap elementor-element-populated\">\n\t\t\t\t\t\t<div class=\"elementor-element elementor-element-52215374 elementor-widget elementor-widget-heading\" data-id=\"52215374\" data-element_type=\"widget\" data-e-type=\"widget\" data-widget_type=\"heading.default\">\n\t\t\t\t<div class=\"elementor-widget-container\">\n\t\t\t\t\t<h1 class=\"elementor-heading-title elementor-size-default\">\"Heiler der Neuen Zeit 4\"<br>(Schwerpunkt Jenseitskontakt)<\/h1>\t\t\t\t<\/div>\n\t\t\t\t<\/div>\n\t\t\t\t\t<\/div>\n\t\t<\/div>\n\t\t\t\t\t<\/div>\n\t\t<\/section>\n\t\t\t\t<section class=\"elementor-section elementor-top-section elementor-element elementor-element-6cef685a elementor-section-content-top elementor-reverse-mobile elementor-section-boxed elementor-section-height-default elementor-section-height-default\" data-id=\"6cef685a\" data-element_type=\"section\" data-e-type=\"section\" data-settings=\"{&quot;background_background&quot;:&quot;classic&quot;}\">\n\t\t\t\t\t\t<div class=\"elementor-container elementor-column-gap-no\">\n\t\t\t\t\t<div class=\"elementor-column elementor-col-50 elementor-top-column elementor-element elementor-element-624d00db\" data-id=\"624d00db\" data-element_type=\"column\" data-e-type=\"column\" data-settings=\"{&quot;background_background&quot;:&quot;classic&quot;}\">\n\t\t\t<div class=\"elementor-widget-wrap elementor-element-populated\">\n\t\t\t\t\t\t<div class=\"elementor-element elementor-element-67ee99b5 elementor-widget elementor-widget-heading\" data-id=\"67ee99b5\" data-element_type=\"widget\" data-e-type=\"widget\" data-widget_type=\"heading.default\">\n\t\t\t\t<div class=\"elementor-widget-container\">\n\t\t\t\t\t<h2 class=\"elementor-heading-title elementor-size-default\"><span style=\"font-size: 38px;text-align: center;white-space: normal\"><span style=\"letter-spacing: normal;text-align: start;font-size: 13pt;, sans-serif\">\ua9c1<\/span><span style=\"letter-spacing: normal;text-align: start;font-size: 13pt;, sans-serif\">\uaa04&nbsp;<\/span>Ausbildung Jenseitskontakt&nbsp;<span style=\"letter-spacing: normal;text-align: start;font-size: 13pt;, sans-serif\">\uaa04<\/span><span style=\"letter-spacing: normal;text-align: start;font-size: 13pt;, sans-serif\">\ua9c2<\/span><\/span><\/h2>\t\t\t\t<\/div>\n\t\t\t\t<\/div>\n\t\t\t\t<div class=\"elementor-element elementor-element-3bf94ff5 elementor-widget elementor-widget-text-editor\" data-id=\"3bf94ff5\" data-element_type=\"widget\" data-e-type=\"widget\" data-widget_type=\"text-editor.default\">\n\t\t\t\t<div class=\"elementor-widget-container\">\n\t\t\t\t\t\t\t\t\t<p>F\u00fcr alle, die bereits meine Online-Ausbildung &#8220;Heiler der Neuen Zeit 1&#8221; absolviert haben, biete ich nun einen weiteren Fortsetzungskurs &#8220;Heiler der Neuen Zeit 4&#8221; mit Schwerpunkt Jenseitskontakt an. Hier wirst du in die Verbindung zu den Jenseitigen eintauchen, also den Kontakt zu Verstorbenen herstellen lernen, um heilsame Informationen f\u00fcr die Hinterbliebenen zu \u00fcbermitteln.<\/p><p>Alles kannst du sofort bei dir, deinen Freunden und Klienten anwenden. Alle meine \u00dcbungen sind Praxis- und Alltags-tauglich und dienen der Heilung und der Bewusstwerdung.<\/p>\t\t\t\t\t\t\t\t<\/div>\n\t\t\t\t<\/div>\n\t\t\t\t\t<\/div>\n\t\t<\/div>\n\t\t\t\t<div class=\"elementor-column elementor-col-50 elementor-top-column elementor-element elementor-element-501bd78a\" data-id=\"501bd78a\" data-element_type=\"column\" data-e-type=\"column\" data-settings=\"{&quot;background_background&quot;:&quot;classic&quot;}\">\n\t\t\t<div class=\"elementor-widget-wrap elementor-element-populated\">\n\t\t\t\t\t\t<div class=\"elementor-element elementor-element-231becd1 elementor-widget elementor-widget-spacer\" data-id=\"231becd1\" data-element_type=\"widget\" data-e-type=\"widget\" data-widget_type=\"spacer.default\">\n\t\t\t\t<div class=\"elementor-widget-container\">\n\t\t\t\t\t\t\t<div class=\"elementor-spacer\">\n\t\t\t<div class=\"elementor-spacer-inner\"><\/div>\n\t\t<\/div>\n\t\t\t\t\t\t<\/div>\n\t\t\t\t<\/div>\n\t\t\t\t\t<\/div>\n\t\t<\/div>\n\t\t\t\t\t<\/div>\n\t\t<\/section>\n\t\t\t\t<section class=\"elementor-section elementor-top-section elementor-element elementor-element-6f6193a7 elementor-section-content-top elementor-section-boxed elementor-section-height-default elementor-section-height-default\" data-id=\"6f6193a7\" data-element_type=\"section\" data-e-type=\"section\" data-settings=\"{&quot;background_background&quot;:&quot;classic&quot;}\">\n\t\t\t\t\t\t<div class=\"elementor-container elementor-column-gap-no\">\n\t\t\t\t\t<div class=\"elementor-column elementor-col-50 elementor-top-column elementor-element elementor-element-42c49ee6\" data-id=\"42c49ee6\" data-element_type=\"column\" data-e-type=\"column\" data-settings=\"{&quot;background_background&quot;:&quot;classic&quot;}\">\n\t\t\t<div class=\"elementor-widget-wrap elementor-element-populated\">\n\t\t\t\t\t\t<div class=\"elementor-element elementor-element-5ab32f86 elementor-widget elementor-widget-spacer\" data-id=\"5ab32f86\" data-element_type=\"widget\" data-e-type=\"widget\" data-widget_type=\"spacer.default\">\n\t\t\t\t<div class=\"elementor-widget-container\">\n\t\t\t\t\t\t\t<div class=\"elementor-spacer\">\n\t\t\t<div class=\"elementor-spacer-inner\"><\/div>\n\t\t<\/div>\n\t\t\t\t\t\t<\/div>\n\t\t\t\t<\/div>\n\t\t\t\t\t<\/div>\n\t\t<\/div>\n\t\t\t\t<div class=\"elementor-column elementor-col-50 elementor-top-column elementor-element elementor-element-1ff93ff1\" data-id=\"1ff93ff1\" data-element_type=\"column\" data-e-type=\"column\" data-settings=\"{&quot;background_background&quot;:&quot;classic&quot;}\">\n\t\t\t<div class=\"elementor-widget-wrap elementor-element-populated\">\n\t\t\t\t\t\t<div class=\"elementor-element elementor-element-1dd58c61 elementor-widget elementor-widget-heading\" data-id=\"1dd58c61\" data-element_type=\"widget\" data-e-type=\"widget\" data-widget_type=\"heading.default\">\n\t\t\t\t<div class=\"elementor-widget-container\">\n\t\t\t\t\t<h2 class=\"elementor-heading-title elementor-size-default\">Inhalte der Fortgeschrittenen-Ausbildung:<\/h2>\t\t\t\t<\/div>\n\t\t\t\t<\/div>\n\t\t\t\t<div class=\"elementor-element elementor-element-4a753af4 elementor-widget elementor-widget-text-editor\" data-id=\"4a753af4\" data-element_type=\"widget\" data-e-type=\"widget\" data-widget_type=\"text-editor.default\">\n\t\t\t\t<div class=\"elementor-widget-container\">\n\t\t\t\t\t\t\t\t\t<p>\u2606 Einf\u00fchrung in die Geistige Welt<\/p><p><span style=\"letter-spacing: 0px;\">\u2606 Sensitivit\u00e4t und Medialit\u00e4t<\/span><\/p><p><span style=\"letter-spacing: 0px;\">\u2606 Tod und Trauer<\/span><\/p><p>\u2606 Jenseitskontakte zu lieben Verstorbenen<\/p><p>\u2606 Jenseitskontakte zu unbekannten Menschen<\/p><p><span style=\"letter-spacing: 0px;\">\u2606 Jenseitskontakte zu Tieren<\/span><\/p><p>\u2606 Mediale Sitzungen<\/p><p>\u2606 Umgang mit trauernden Klienten<\/p>\t\t\t\t\t\t\t\t<\/div>\n\t\t\t\t<\/div>\n\t\t\t\t<div class=\"elementor-element elementor-element-16efc7d5 elementor-widget elementor-widget-heading\" data-id=\"16efc7d5\" data-element_type=\"widget\" data-e-type=\"widget\" data-widget_type=\"heading.default\">\n\t\t\t\t<div class=\"elementor-widget-container\">\n\t\t\t\t\t<h2 class=\"elementor-heading-title elementor-size-default\">Schlie\u00dfe deine Augen und beginn zu sehen!<\/h2>\t\t\t\t<\/div>\n\t\t\t\t<\/div>\n\t\t\t\t<div class=\"elementor-element elementor-element-e59ead1 elementor-widget elementor-widget-button\" data-id=\"e59ead1\" data-element_type=\"widget\" data-e-type=\"widget\" data-widget_type=\"button.default\">\n\t\t\t\t<div class=\"elementor-widget-container\">\n\t\t\t\t\t\t\t\t\t<div class=\"elementor-button-wrapper\">\n\t\t\t\t\t<a class=\"elementor-button elementor-button-link elementor-size-sm\" href=\"https:\/\/calendly.com\/herzvollgold\/15min\" target=\"_blank\">\n\t\t\t\t\t\t<span class=\"elementor-button-content-wrapper\">\n\t\t\t\t\t\t\t\t\t<span class=\"elementor-button-text\">Jetzt Beratungsgespr\u00e4ch vereinbaren<\/span>\n\t\t\t\t\t<\/span>\n\t\t\t\t\t<\/a>\n\t\t\t\t<\/div>\n\t\t\t\t\t\t\t\t<\/div>\n\t\t\t\t<\/div>\n\t\t\t\t\t<\/div>\n\t\t<\/div>\n\t\t\t\t\t<\/div>\n\t\t<\/section>\n\t\t\t\t<section class=\"elementor-section elementor-top-section elementor-element elementor-element-75b5820f elementor-section-height-min-height elementor-section-items-bottom elementor-section-content-top elementor-reverse-mobile elementor-section-boxed elementor-section-height-default\" data-id=\"75b5820f\" data-element_type=\"section\" data-e-type=\"section\" data-settings=\"{&quot;background_background&quot;:&quot;classic&quot;}\">\n\t\t\t\t\t\t<div class=\"elementor-container elementor-column-gap-no\">\n\t\t\t\t\t<div class=\"elementor-column elementor-col-100 elementor-top-column elementor-element elementor-element-421f3fff\" data-id=\"421f3fff\" data-element_type=\"column\" data-e-type=\"column\" data-settings=\"{&quot;background_background&quot;:&quot;classic&quot;}\">\n\t\t\t<div class=\"elementor-widget-wrap elementor-element-populated\">\n\t\t\t\t\t\t<div class=\"elementor-element elementor-element-2327843b elementor-widget elementor-widget-heading\" data-id=\"2327843b\" data-element_type=\"widget\" data-e-type=\"widget\" data-widget_type=\"heading.default\">\n\t\t\t\t<div class=\"elementor-widget-container\">\n\t\t\t\t\t<h2 class=\"elementor-heading-title elementor-size-default\"><span style=\"font-family: Abel, sans-serif;font-size: 17px;letter-spacing: 0px;text-align: left;white-space: normal\">&nbsp;<\/span><span style=\"text-align: left;white-space: normal\">F\u00fcr wen ist diese Ausbildung gedacht?<\/span><\/h2>\t\t\t\t<\/div>\n\t\t\t\t<\/div>\n\t\t\t\t<section class=\"elementor-section elementor-inner-section elementor-element elementor-element-41fd5c0a elementor-section-boxed elementor-section-height-default elementor-section-height-default\" data-id=\"41fd5c0a\" data-element_type=\"section\" data-e-type=\"section\">\n\t\t\t\t\t\t<div class=\"elementor-container elementor-column-gap-default\">\n\t\t\t\t\t<div class=\"elementor-column elementor-col-50 elementor-inner-column elementor-element elementor-element-4d08b0aa\" data-id=\"4d08b0aa\" data-element_type=\"column\" data-e-type=\"column\">\n\t\t\t<div class=\"elementor-widget-wrap elementor-element-populated\">\n\t\t\t\t\t\t<div class=\"elementor-element elementor-element-390150dd elementor-widget elementor-widget-text-editor\" data-id=\"390150dd\" data-element_type=\"widget\" data-e-type=\"widget\" data-widget_type=\"text-editor.default\">\n\t\t\t\t<div class=\"elementor-widget-container\">\n\t\t\t\t\t\t\t\t\t<p>\u2606 Es zieht dich wie magisch hier her.<\/p><p><span style=\"letter-spacing: 0px;\">\u2606 Du m\u00f6chtest deine Medialit\u00e4t noch mehr schulen und perfektionieren, um\u00a0heilend f\u00fcr Mensch und Tier t\u00e4tig zu sein.<\/span><\/p><p>\u2606\u00a0Du m\u00f6chtest Verstorbene wahrnehmen, sehen und verstehen k\u00f6nnen und Informationen an die Hinterbliebenen vermitteln.<\/p><p>\u2606 Du arbeitest bereits mit Menschen und m\u00f6chtest ein neues Bewusstseinsfeld \u00f6ffnen, um noch mehr Heilung geben zu k\u00f6nnen.<\/p><p>\u2606 Du m\u00f6chtest als Heiler\/Heilerin mit deiner energetischen Gabe Menschen Gutes und damit einen Dienst f\u00fcr diese Welt tun \u2013 und darin nun noch besser werden.<\/p><p>\u2606 Du hast einfach so richtig Lust drauf!<\/p><p>Voraussetzungen:<\/p><p>Der Abschluss der Online-Ausbildung &#8220;Heiler der Neuen Zeit&#8221; 1 bei HERZVOLLGOLD Susanne Vollgold.<\/p><p>Mindestalter: 18 Jahre. Psychische Stabilit\u00e4t ist sehr zu empfehlen. Menschen, die Drogen oder Psychopharmaka nehmen, d\u00fcrfen nicht teilnehmen.\u00a0<span style=\"letter-spacing: 0px;\">Falls es dich trotzdem ruft, sprich mich hierzu gerne an!<\/span><\/p>\t\t\t\t\t\t\t\t<\/div>\n\t\t\t\t<\/div>\n\t\t\t\t\t<\/div>\n\t\t<\/div>\n\t\t\t\t<div class=\"elementor-column elementor-col-50 elementor-inner-column elementor-element elementor-element-d07544d\" data-id=\"d07544d\" data-element_type=\"column\" data-e-type=\"column\">\n\t\t\t<div class=\"elementor-widget-wrap elementor-element-populated\">\n\t\t\t\t\t\t<div class=\"elementor-element elementor-element-420fe71e elementor-widget elementor-widget-heading\" data-id=\"420fe71e\" data-element_type=\"widget\" data-e-type=\"widget\" data-widget_type=\"heading.default\">\n\t\t\t\t<div class=\"elementor-widget-container\">\n\t\t\t\t\t<p class=\"elementor-heading-title elementor-size-default\"><span style=\"font-size: 17px;text-align: left;white-space: normal\">\u2606&nbsp;<\/span>Dies ist eine Online-Ausbildung <span style=\"font-size: 17px;text-align: left;white-space: normal\">\u2606<\/span><\/p>\t\t\t\t<\/div>\n\t\t\t\t<\/div>\n\t\t\t\t<div class=\"elementor-element elementor-element-27124813 elementor-widget elementor-widget-text-editor\" data-id=\"27124813\" data-element_type=\"widget\" data-e-type=\"widget\" data-widget_type=\"text-editor.default\">\n\t\t\t\t<div class=\"elementor-widget-container\">\n\t\t\t\t\t\t\t\t\t<p><span style=\"color: #800080;\">Diese Ausbildung zum &#8220;Heiler\/zur Heilerin der Neuen Zeit 4&#8221; (Schwerpunkt Jenseitskontakt) ist eine Online-Ausbildung \u00fcber zwei volle Monate. Wenn du Interesse hast, melde dich gerne bei mir!<\/span><\/p><p>Sie wird in acht Terminen via Zoom (Video-Telefonie) stattfinden. Immer Montags um 19.00 Uhr bis ca. 21.00 Uhr (kann auch mal l\u00e4nger gehen). <span style=\"letter-spacing: 0px;\">Die Zoom-Aufzeichnung wird dir im Anschluss per Email zugesandt, so kannst du zuhause die \u00dcbungen immer wiederholen.\u00a0<\/span><span style=\"letter-spacing: 0px;\">Es gibt keine Pr\u00fcfung.\u00a0<\/span><span style=\"letter-spacing: 0px;\">Am Ende erh\u00e4ltst du\u00a0<\/span>eine Best\u00e4tigung, dass du teilgenommen hast<span style=\"letter-spacing: 0px;\">\u00a0per Email (nur f\u00fcr die, die auch mindestens 4 Mal live online dabei waren).<\/span><\/p><p>Zudem wird es eine geschlossene, private Facebook-Gruppe geben, wo ihr euch untereinander austauschen k\u00f6nnt und miteinander \u00fcben k\u00f6nnt.<\/p><p><span style=\"color: #800080;\">Ich liebe mein Leben als Heilerin und ich m\u00f6chte dir diese Liebe weitergeben. Die Arbeit mit Menschen und mit Heilfrequenzen ist etwas ganz Besonderes. Es wird dich in h\u00f6chstem Ma\u00dfe erf\u00fcllen. Denn wer Liebe gibt, der wird Liebe empfangen.\uaa04<\/span><\/p><p style=\"text-align: center;\">Bitte melde dich bei Fragen gerne direkt bei mir:<\/p><p style=\"text-align: center;\">susanne@herzvollgold.de oder per Telefon 0049-173-6645463.<\/p>\t\t\t\t\t\t\t\t<\/div>\n\t\t\t\t<\/div>\n\t\t\t\t<div class=\"elementor-element elementor-element-b5b116a elementor-align-center elementor-widget elementor-widget-button\" data-id=\"b5b116a\" data-element_type=\"widget\" data-e-type=\"widget\" data-widget_type=\"button.default\">\n\t\t\t\t<div class=\"elementor-widget-container\">\n\t\t\t\t\t\t\t\t\t<div class=\"elementor-button-wrapper\">\n\t\t\t\t\t<a class=\"elementor-button elementor-button-link elementor-size-sm\" href=\"https:\/\/calendly.com\/herzvollgold\/15min\" target=\"_blank\">\n\t\t\t\t\t\t<span class=\"elementor-button-content-wrapper\">\n\t\t\t\t\t\t\t\t\t<span class=\"elementor-button-text\">Jetzt Beratungsgespr\u00e4ch vereinbaren<\/span>\n\t\t\t\t\t<\/span>\n\t\t\t\t\t<\/a>\n\t\t\t\t<\/div>\n\t\t\t\t\t\t\t\t<\/div>\n\t\t\t\t<\/div>\n\t\t\t\t\t<\/div>\n\t\t<\/div>\n\t\t\t\t\t<\/div>\n\t\t<\/section>\n\t\t\t\t\t<\/div>\n\t\t<\/div>\n\t\t\t\t\t<\/div>\n\t\t<\/section>\n\t\t\t\t<\/div>\n\t\t","protected":false},"excerpt":{"rendered":"<p>&#8220;Heiler der Neuen Zeit 4&#8221;(Schwerpunkt Jenseitskontakt) \ua9c1\uaa04&nbsp;Ausbildung Jenseitskontakt&nbsp;\uaa04\ua9c2 F\u00fcr alle, die bereits meine Online-Ausbildung &#8220;Heiler der Neuen Zeit 1&#8221; absolviert haben, biete ich nun einen weiteren Fortsetzungskurs &#8220;Heiler der Neuen Zeit 4&#8221; mit Schwerpunkt Jenseitskontakt an. Hier wirst du in die Verbindung zu den Jenseitigen eintauchen, also den Kontakt zu Verstorbenen herstellen lernen, um heilsame [&hellip;]<\/p>\n","protected":false},"author":3,"featured_media":0,"parent":0,"menu_order":0,"comment_status":"closed","ping_status":"closed","template":"full-width.php","meta":{"footnotes":""},"class_list":["post-7117","page","type-page","status-publish","hentry"],"_links":{"self":[{"href":"https:\/\/herzvollgold.de\/en\/wp-json\/wp\/v2\/pages\/7117","targetHints":{"allow":["GET"]}}],"collection":[{"href":"https:\/\/herzvollgold.de\/en\/wp-json\/wp\/v2\/pages"}],"about":[{"href":"https:\/\/herzvollgold.de\/en\/wp-json\/wp\/v2\/types\/page"}],"author":[{"embeddable":true,"href":"https:\/\/herzvollgold.de\/en\/wp-json\/wp\/v2\/users\/3"}],"replies":[{"embeddable":true,"href":"https:\/\/herzvollgold.de\/en\/wp-json\/wp\/v2\/comments?post=7117"}],"version-history":[{"count":33,"href":"https:\/\/herzvollgold.de\/en\/wp-json\/wp\/v2\/pages\/7117\/revisions"}],"predecessor-version":[{"id":8480,"href":"https:\/\/herzvollgold.de\/en\/wp-json\/wp\/v2\/pages\/7117\/revisions\/8480"}],"wp:attachment":[{"href":"https:\/\/herzvollgold.de\/en\/wp-json\/wp\/v2\/media?parent=7117"}],"curies":[{"name":"wp","href":"https:\/\/api.w.org\/{rel}","templated":true}]}}