{"id":826,"date":"2020-01-12T14:44:28","date_gmt":"2020-01-12T13:44:28","guid":{"rendered":"https:\/\/herzvollgold.de\/widerrufsbelehrung\/"},"modified":"2026-03-10T14:45:32","modified_gmt":"2026-03-10T13:45:32","slug":"widerrufsbelehrung","status":"publish","type":"page","link":"https:\/\/herzvollgold.de\/en\/widerrufsbelehrung\/","title":{"rendered":"Widerrufsbelehrung"},"content":{"rendered":"\t\t<div data-elementor-type=\"wp-page\" data-elementor-id=\"826\" class=\"elementor elementor-826\" data-elementor-post-type=\"page\">\n\t\t\t\t\t\t<section class=\"elementor-section elementor-top-section elementor-element elementor-element-3398f4a2 elementor-section-height-min-height elementor-section-items-bottom elementor-section-boxed elementor-section-height-default\" data-id=\"3398f4a2\" data-element_type=\"section\" data-e-type=\"section\" data-settings=\"{&quot;background_background&quot;:&quot;classic&quot;}\">\n\t\t\t\t\t\t\t<div class=\"elementor-background-overlay\"><\/div>\n\t\t\t\t\t\t\t<div class=\"elementor-container elementor-column-gap-default\">\n\t\t\t\t\t<div class=\"elementor-column elementor-col-100 elementor-top-column elementor-element elementor-element-12236df7\" data-id=\"12236df7\" data-element_type=\"column\" data-e-type=\"column\" data-settings=\"{&quot;background_background&quot;:&quot;classic&quot;}\">\n\t\t\t<div class=\"elementor-widget-wrap elementor-element-populated\">\n\t\t\t\t\t\t<div class=\"elementor-element elementor-element-236d92ae elementor-widget elementor-widget-heading\" data-id=\"236d92ae\" data-element_type=\"widget\" data-e-type=\"widget\" data-widget_type=\"heading.default\">\n\t\t\t\t<div class=\"elementor-widget-container\">\n\t\t\t\t\t<h1 class=\"elementor-heading-title elementor-size-default\">Widerrufs&shy;belehrung<\/h1>\t\t\t\t<\/div>\n\t\t\t\t<\/div>\n\t\t\t\t\t<\/div>\n\t\t<\/div>\n\t\t\t\t\t<\/div>\n\t\t<\/section>\n\t\t\t\t<section class=\"elementor-section elementor-top-section elementor-element elementor-element-163f41fc elementor-section-height-min-height elementor-section-items-bottom elementor-section-content-top elementor-reverse-mobile elementor-section-boxed elementor-section-height-default\" data-id=\"163f41fc\" data-element_type=\"section\" data-e-type=\"section\" data-settings=\"{&quot;background_background&quot;:&quot;classic&quot;}\">\n\t\t\t\t\t\t<div class=\"elementor-container elementor-column-gap-no\">\n\t\t\t\t\t<div class=\"elementor-column elementor-col-100 elementor-top-column elementor-element elementor-element-24ebd626\" data-id=\"24ebd626\" data-element_type=\"column\" data-e-type=\"column\" data-settings=\"{&quot;background_background&quot;:&quot;classic&quot;}\">\n\t\t\t<div class=\"elementor-widget-wrap elementor-element-populated\">\n\t\t\t\t\t\t<div class=\"elementor-element elementor-element-42cdca32 elementor-widget__width-initial elementor-widget elementor-widget-text-editor\" data-id=\"42cdca32\" data-element_type=\"widget\" data-e-type=\"widget\" data-widget_type=\"text-editor.default\">\n\t\t\t\t<div class=\"elementor-widget-container\">\n\t\t\t\t\t\t\t\t\t<h5><strong>WIDERRUFSBELEHRUNG<\/strong><\/h5><h5><strong>Widerrufsbelehrung f\u00fcr Dienstleistungsvertr\u00e4ge<\/strong><\/h5><p style=\"font-weight: 400;\"><em>(gilt f\u00fcr: Online-Trainings)<\/em><\/p><h5><strong>Widerrufsrecht<\/strong><\/h5><p style=\"font-weight: 400;\">Sie haben das Recht, binnen vierzehn Tagen ohne Angabe von Gr\u00fcnden diesen Vertrag zu widerrufen.<\/p><p style=\"font-weight: 400;\">Die Widerrufsfrist betr\u00e4gt vierzehn Tage ab dem Tag des Vertragsabschlusses.<\/p><p style=\"font-weight: 400;\">Um Ihr Widerrufsrecht auszu\u00fcben, m\u00fcssen Sie uns<\/p><p style=\"font-weight: 400;\"><strong>Susanne Vollgold<\/strong><\/p><p style=\"font-weight: 400;\">Balzenbergstra\u00dfe 39a, 76530 Baden-Baden<\/p><p style=\"font-weight: 400;\">Telefon: +49 (0) 173 6645463<\/p><p style=\"font-weight: 400;\">E-Mail: susanne@herzvollgold.de<\/p><p style=\"font-weight: 400;\">mittels einer eindeutigen Erkl\u00e4rung (z. B. ein mit der Post versandter Brief oder eine E-Mail) \u00fcber Ihren Entschluss, diesen Vertrag zu widerrufen, informieren. Sie k\u00f6nnen daf\u00fcr das beigef\u00fcgte Muster-Widerrufsformular verwenden, das jedoch nicht vorgeschrieben ist.<\/p><p style=\"font-weight: 400;\">Zur Wahrung der Widerrufsfrist reicht es aus, dass Sie die Mitteilung \u00fcber die Aus\u00fcbung des Widerrufsrechts vor Ablauf der Widerrufsfrist absenden.<\/p><h5><strong>Folgen des Widerrufs<\/strong><\/h5><p style=\"font-weight: 400;\">Wenn Sie diesen Vertrag widerrufen, haben wir Ihnen alle Zahlungen, die wir von Ihnen erhalten haben, unverz\u00fcglich und sp\u00e4testens binnen vierzehn Tagen ab dem Tag zur\u00fcckzuzahlen, an dem die Mitteilung \u00fcber Ihren Widerruf dieses Vertrags bei uns eingegangen ist. F\u00fcr diese R\u00fcckzahlung verwenden wir dasselbe Zahlungsmittel, das Sie bei der urspr\u00fcnglichen Transaktion eingesetzt haben, es sei denn, mit Ihnen wurde ausdr\u00fccklich etwas anderes vereinbart; in keinem Fall werden Ihnen wegen dieser R\u00fcckzahlung Entgelte berechnet.<\/p><p style=\"font-weight: 400;\">Haben Sie verlangt, dass die Dienstleistungen w\u00e4hrend der Widerrufsfrist beginnen sollen, so haben Sie uns einen angemessenen Betrag zu zahlen, der dem Anteil der bis zu dem Zeitpunkt, zu dem Sie uns von der Aus\u00fcbung des Widerrufsrechts hinsichtlich dieses Vertrags unterrichten, bereits erbrachten Dienstleistungen im Vergleich zum Gesamtumfang der im Vertrag vorgesehenen Dienstleistungen entspricht.<\/p><h5><strong>Vorzeitiges Erl\u00f6schen des Widerrufsrechts<\/strong><\/h5><p style=\"font-weight: 400;\">Ihr Widerrufsrecht erlischt vorzeitig, wenn die Dienstleistung vollst\u00e4ndig erbracht wurde und mit der Ausf\u00fchrung der Dienstleistung erst begonnen wurde, nachdem Sie dazu Ihre ausdr\u00fcckliche Zustimmung gegeben und gleichzeitig Ihre Kenntnis davon best\u00e4tigt haben, dass Sie Ihr Widerrufsrecht bei vollst\u00e4ndiger Vertragserf\u00fcllung verlieren (\u00a7 356 Abs. 4 Nr. 2 BGB).<\/p><p style=\"font-weight: 400;\">\u00a0<\/p><h5><strong>Widerrufsbelehrung f\u00fcr Vertr\u00e4ge \u00fcber digitale Inhalte<\/strong><\/h5><p style=\"font-weight: 400;\"><em>(gilt f\u00fcr: Downloads und Streaming-Produkte aus dem Online-Shop)<\/em><\/p><h5><strong>Widerrufsrecht<\/strong><\/h5><p style=\"font-weight: 400;\">Sie haben das Recht, binnen vierzehn Tagen ohne Angabe von Gr\u00fcnden diesen Vertrag zu widerrufen.<\/p><p style=\"font-weight: 400;\">Die Widerrufsfrist betr\u00e4gt vierzehn Tage ab dem Tag des Vertragsabschlusses.<\/p><p style=\"font-weight: 400;\">Um Ihr Widerrufsrecht auszu\u00fcben, m\u00fcssen Sie uns<\/p><p style=\"font-weight: 400;\"><strong>Susanne Vollgold<\/strong><\/p><p style=\"font-weight: 400;\">Balzenbergstra\u00dfe 39, 76530 Baden-Baden<\/p><p style=\"font-weight: 400;\">Telefon: +49 (0) 173 6645463<\/p><p style=\"font-weight: 400;\">E-Mail: susanne@herzvollgold.de<\/p><p style=\"font-weight: 400;\">mittels einer eindeutigen Erkl\u00e4rung (z. B. ein mit der Post versandter Brief oder eine E-Mail) \u00fcber Ihren Entschluss, diesen Vertrag zu widerrufen, informieren. Sie k\u00f6nnen daf\u00fcr das beigef\u00fcgte Muster-Widerrufsformular verwenden, das jedoch nicht vorgeschrieben ist.<\/p><p style=\"font-weight: 400;\">Zur Wahrung der Widerrufsfrist reicht es aus, dass Sie die Mitteilung \u00fcber die Aus\u00fcbung des Widerrufsrechts vor Ablauf der Widerrufsfrist absenden.<\/p><h5><strong>Folgen des Widerrufs<\/strong><\/h5><p style=\"font-weight: 400;\">Wenn Sie diesen Vertrag widerrufen, haben wir Ihnen alle Zahlungen, die wir von Ihnen erhalten haben, unverz\u00fcglich und sp\u00e4testens binnen vierzehn Tagen ab dem Tag zur\u00fcckzuzahlen, an dem die Mitteilung \u00fcber Ihren Widerruf dieses Vertrags bei uns eingegangen ist. F\u00fcr diese R\u00fcckzahlung verwenden wir dasselbe Zahlungsmittel, das Sie bei der urspr\u00fcnglichen Transaktion eingesetzt haben, es sei denn, mit Ihnen wurde ausdr\u00fccklich etwas anderes vereinbart; in keinem Fall werden Ihnen wegen dieser R\u00fcckzahlung Entgelte berechnet.<\/p><p style=\"font-weight: 400;\">Sie sind zur Zahlung von Wertersatz f\u00fcr die bis zum Widerruf gelieferten digitalen Inhalte verpflichtet, wenn Sie vor Abgabe Ihrer Vertragserkl\u00e4rung auf diese Rechtsfolge hingewiesen wurden und ausdr\u00fccklich zugestimmt haben, dass wir vor dem Ende der Widerrufsfrist mit der Lieferung der digitalen Inhalte beginnen.<\/p><h5><strong>Vorzeitiges Erl\u00f6schen des Widerrufsrechts<\/strong><\/h5><p style=\"font-weight: 400;\">Ihr Widerrufsrecht erlischt vorzeitig, wenn wir mit der Ausf\u00fchrung des Vertrags begonnen haben, nachdem Sie ausdr\u00fccklich zugestimmt haben, dass wir mit der Ausf\u00fchrung des Vertrags vor Ablauf der Widerrufsfrist beginnen, und Ihre Kenntnis davon best\u00e4tigt haben, dass Sie durch Ihre Zustimmung mit Beginn der Ausf\u00fchrung des Vertrags Ihr Widerrufsrecht verlieren, und wir Ihnen eine Vertragsbest\u00e4tigung gem\u00e4\u00df \u00a7 312f BGB zur Verf\u00fcgung gestellt haben (\u00a7 356 Abs. 5 BGB).<\/p><h5>\u00a0<\/h5><h5><strong>MUSTER-WIDERRUFSFORMULAR<\/strong><\/h5><p style=\"font-weight: 400;\"><em>(Wenn Sie den Vertrag widerrufen wollen, f\u00fcllen Sie bitte dieses Formular aus und senden Sie es zur\u00fcck.)<\/em><\/p><p style=\"font-weight: 400;\">An:<\/p><p style=\"font-weight: 400;\">Susanne Vollgold, Balzenbergstra\u00dfe 39a, 76530 Baden-Baden<\/p><p style=\"font-weight: 400;\">E-Mail: susanne@herzvollgold.de<\/p><p style=\"font-weight: 400;\">Hiermit widerrufe(n) ich\/wir (*) den von mir\/uns (*) abgeschlossenen Vertrag \u00fcber die Erbringung der folgenden Dienstleistung (*) \/ die Lieferung der folgenden digitalen Inhalte (*):<\/p><p style=\"font-weight: 400;\">__________________________________________<\/p><p style=\"font-weight: 400;\">Bestellt am (*) \/ erhalten am (*):<\/p><p style=\"font-weight: 400;\">__________________________________________<\/p><p style=\"font-weight: 400;\">Name des\/der Verbraucher(s):<\/p><p style=\"font-weight: 400;\">__________________________________________<\/p><p style=\"font-weight: 400;\">Anschrift des\/der Verbraucher(s):<\/p><p style=\"font-weight: 400;\">__________________________________________<\/p><p style=\"font-weight: 400;\">Datum:<\/p><p style=\"font-weight: 400;\">__________________________________________<\/p><p style=\"font-weight: 400;\">Unterschrift des\/der Verbraucher(s) (nur bei Mitteilung auf Papier):<\/p><p style=\"font-weight: 400;\">__________________________________________<\/p><p style=\"font-weight: 400;\">(*) Unzutreffendes streichen.<\/p>\t\t\t\t\t\t\t\t<\/div>\n\t\t\t\t<\/div>\n\t\t\t\t\t<\/div>\n\t\t<\/div>\n\t\t\t\t\t<\/div>\n\t\t<\/section>\n\t\t\t\t<\/div>\n\t\t","protected":false},"excerpt":{"rendered":"<p>Widerrufs&shy;belehrung WIDERRUFSBELEHRUNG Widerrufsbelehrung f\u00fcr Dienstleistungsvertr\u00e4ge (gilt f\u00fcr: Online-Trainings) Widerrufsrecht Sie haben das Recht, binnen vierzehn Tagen ohne Angabe von Gr\u00fcnden diesen Vertrag zu widerrufen. Die Widerrufsfrist betr\u00e4gt vierzehn Tage ab dem Tag des Vertragsabschlusses. Um Ihr Widerrufsrecht auszu\u00fcben, m\u00fcssen Sie uns Susanne Vollgold Balzenbergstra\u00dfe 39a, 76530 Baden-Baden Telefon: +49 (0) 173 6645463 E-Mail: susanne@herzvollgold.de mittels [&hellip;]<\/p>\n","protected":false},"author":3,"featured_media":0,"parent":0,"menu_order":0,"comment_status":"closed","ping_status":"closed","template":"","meta":{"footnotes":""},"class_list":["post-826","page","type-page","status-publish","hentry"],"_links":{"self":[{"href":"https:\/\/herzvollgold.de\/en\/wp-json\/wp\/v2\/pages\/826","targetHints":{"allow":["GET"]}}],"collection":[{"href":"https:\/\/herzvollgold.de\/en\/wp-json\/wp\/v2\/pages"}],"about":[{"href":"https:\/\/herzvollgold.de\/en\/wp-json\/wp\/v2\/types\/page"}],"author":[{"embeddable":true,"href":"https:\/\/herzvollgold.de\/en\/wp-json\/wp\/v2\/users\/3"}],"replies":[{"embeddable":true,"href":"https:\/\/herzvollgold.de\/en\/wp-json\/wp\/v2\/comments?post=826"}],"version-history":[{"count":18,"href":"https:\/\/herzvollgold.de\/en\/wp-json\/wp\/v2\/pages\/826\/revisions"}],"predecessor-version":[{"id":9415,"href":"https:\/\/herzvollgold.de\/en\/wp-json\/wp\/v2\/pages\/826\/revisions\/9415"}],"wp:attachment":[{"href":"https:\/\/herzvollgold.de\/en\/wp-json\/wp\/v2\/media?parent=826"}],"curies":[{"name":"wp","href":"https:\/\/api.w.org\/{rel}","templated":true}]}}