{"id":8575,"date":"2025-09-13T15:46:53","date_gmt":"2025-09-13T13:46:53","guid":{"rendered":"https:\/\/herzvollgold.de\/?page_id=8575"},"modified":"2025-09-13T16:13:35","modified_gmt":"2025-09-13T14:13:35","slug":"danke-workshop","status":"publish","type":"page","link":"https:\/\/herzvollgold.de\/en\/danke-workshop\/","title":{"rendered":"Danke-Workshop"},"content":{"rendered":"\t\t<div data-elementor-type=\"wp-page\" data-elementor-id=\"8575\" class=\"elementor elementor-8575\" data-elementor-post-type=\"page\">\n\t\t\t\t\t\t<section class=\"elementor-section elementor-top-section elementor-element elementor-element-cd73b74 elementor-section-height-full elementor-section-boxed elementor-section-height-default elementor-section-items-middle\" data-id=\"cd73b74\" data-element_type=\"section\" data-e-type=\"section\" data-settings=\"{&quot;background_background&quot;:&quot;classic&quot;}\">\n\t\t\t\t\t\t<div class=\"elementor-container elementor-column-gap-default\">\n\t\t\t\t\t<div class=\"elementor-column elementor-col-100 elementor-top-column elementor-element elementor-element-745855b\" data-id=\"745855b\" data-element_type=\"column\" data-e-type=\"column\" data-settings=\"{&quot;background_background&quot;:&quot;classic&quot;}\">\n\t\t\t<div class=\"elementor-widget-wrap elementor-element-populated\">\n\t\t\t\t\t\t<div class=\"elementor-element elementor-element-be47660 elementor-widget elementor-widget-heading\" data-id=\"be47660\" data-element_type=\"widget\" data-e-type=\"widget\" data-widget_type=\"heading.default\">\n\t\t\t\t<div class=\"elementor-widget-container\">\n\t\t\t\t\t<h2 class=\"elementor-heading-title elementor-size-default\">\u2728 Danke f\u00fcr deine Anmeldung! \u2728<\/h2>\t\t\t\t<\/div>\n\t\t\t\t<\/div>\n\t\t\t\t<div class=\"elementor-element elementor-element-50f3973 elementor-widget elementor-widget-text-editor\" data-id=\"50f3973\" data-element_type=\"widget\" data-e-type=\"widget\" data-widget_type=\"text-editor.default\">\n\t\t\t\t<div class=\"elementor-widget-container\">\n\t\t\t\t\t\t\t\t\t<p style=\"text-align: left;\">Bitte pr\u00fcfe jetzt dein Postfach:<\/p><ol style=\"text-align: left;\"><li style=\"text-align: left;\">\u00d6ffne die E-Mail, die ich dir soeben gesendet habe.<\/li><li style=\"text-align: left;\">Klicke auf den Best\u00e4tigungslink, um deine Anmeldung abzuschlie\u00dfen.<\/li><\/ol><p style=\"text-align: left;\">Erst nach der Best\u00e4tigung kann ich dir meine Informationen zusenden.<\/p><p style=\"text-align: left;\">Von Herzen,<br data-start=\"400\" data-end=\"403\" \/>Susanne \ud83d\udc96<\/p>\t\t\t\t\t\t\t\t<\/div>\n\t\t\t\t<\/div>\n\t\t\t\t<div class=\"elementor-element elementor-element-e29d301 elementor-widget-divider--view-line elementor-widget elementor-widget-divider\" data-id=\"e29d301\" data-element_type=\"widget\" data-e-type=\"widget\" data-widget_type=\"divider.default\">\n\t\t\t\t<div class=\"elementor-widget-container\">\n\t\t\t\t\t\t\t<div class=\"elementor-divider\">\n\t\t\t<span class=\"elementor-divider-separator\">\n\t\t\t\t\t\t<\/span>\n\t\t<\/div>\n\t\t\t\t\t\t<\/div>\n\t\t\t\t<\/div>\n\t\t\t\t<div class=\"elementor-element elementor-element-087be77 elementor-widget elementor-widget-text-editor\" data-id=\"087be77\" data-element_type=\"widget\" data-e-type=\"widget\" data-widget_type=\"text-editor.default\">\n\t\t\t\t<div class=\"elementor-widget-container\">\n\t\t\t\t\t\t\t\t\t<p style=\"text-align: center;\">Du kannst dich selbstverst\u00e4ndlich jederzeit mit nur einem Klick wieder abmelden.<\/p>\t\t\t\t\t\t\t\t<\/div>\n\t\t\t\t<\/div>\n\t\t\t\t\t<\/div>\n\t\t<\/div>\n\t\t\t\t\t<\/div>\n\t\t<\/section>\n\t\t\t\t<\/div>\n\t\t","protected":false},"excerpt":{"rendered":"<p>\u2728 Danke f\u00fcr deine Anmeldung! \u2728 Bitte pr\u00fcfe jetzt dein Postfach: \u00d6ffne die E-Mail, die ich dir soeben gesendet habe. Klicke auf den Best\u00e4tigungslink, um deine Anmeldung abzuschlie\u00dfen. Erst nach der Best\u00e4tigung kann ich dir meine Informationen zusenden. Von Herzen,Susanne \ud83d\udc96 Du kannst dich selbstverst\u00e4ndlich jederzeit mit nur einem Klick wieder abmelden.<\/p>\n","protected":false},"author":3,"featured_media":0,"parent":0,"menu_order":0,"comment_status":"closed","ping_status":"closed","template":"elementor_canvas","meta":{"footnotes":""},"class_list":["post-8575","page","type-page","status-publish","hentry"],"_links":{"self":[{"href":"https:\/\/herzvollgold.de\/en\/wp-json\/wp\/v2\/pages\/8575","targetHints":{"allow":["GET"]}}],"collection":[{"href":"https:\/\/herzvollgold.de\/en\/wp-json\/wp\/v2\/pages"}],"about":[{"href":"https:\/\/herzvollgold.de\/en\/wp-json\/wp\/v2\/types\/page"}],"author":[{"embeddable":true,"href":"https:\/\/herzvollgold.de\/en\/wp-json\/wp\/v2\/users\/3"}],"replies":[{"embeddable":true,"href":"https:\/\/herzvollgold.de\/en\/wp-json\/wp\/v2\/comments?post=8575"}],"version-history":[{"count":5,"href":"https:\/\/herzvollgold.de\/en\/wp-json\/wp\/v2\/pages\/8575\/revisions"}],"predecessor-version":[{"id":8581,"href":"https:\/\/herzvollgold.de\/en\/wp-json\/wp\/v2\/pages\/8575\/revisions\/8581"}],"wp:attachment":[{"href":"https:\/\/herzvollgold.de\/en\/wp-json\/wp\/v2\/media?parent=8575"}],"curies":[{"name":"wp","href":"https:\/\/api.w.org\/{rel}","templated":true}]}}