{"id":9290,"date":"2026-03-06T12:23:31","date_gmt":"2026-03-06T11:23:31","guid":{"rendered":"https:\/\/herzvollgold.de\/?page_id=9290"},"modified":"2026-03-10T14:32:34","modified_gmt":"2026-03-10T13:32:34","slug":"agb","status":"publish","type":"page","link":"https:\/\/herzvollgold.de\/en\/agb\/","title":{"rendered":"AGB"},"content":{"rendered":"\t\t<div data-elementor-type=\"wp-page\" data-elementor-id=\"9290\" class=\"elementor elementor-9290\" data-elementor-post-type=\"page\">\n\t\t\t\t\t\t<section class=\"elementor-section elementor-top-section elementor-element elementor-element-43a939a3 elementor-section-height-min-height elementor-section-items-bottom elementor-section-boxed elementor-section-height-default\" data-id=\"43a939a3\" data-element_type=\"section\" data-e-type=\"section\" data-settings=\"{&quot;background_background&quot;:&quot;classic&quot;}\">\n\t\t\t\t\t\t\t<div class=\"elementor-background-overlay\"><\/div>\n\t\t\t\t\t\t\t<div class=\"elementor-container elementor-column-gap-default\">\n\t\t\t\t\t<div class=\"elementor-column elementor-col-100 elementor-top-column elementor-element elementor-element-69dc5395\" data-id=\"69dc5395\" data-element_type=\"column\" data-e-type=\"column\" data-settings=\"{&quot;background_background&quot;:&quot;classic&quot;}\">\n\t\t\t<div class=\"elementor-widget-wrap elementor-element-populated\">\n\t\t\t\t\t\t<div class=\"elementor-element elementor-element-6363ad1d elementor-widget elementor-widget-heading\" data-id=\"6363ad1d\" data-element_type=\"widget\" data-e-type=\"widget\" data-widget_type=\"heading.default\">\n\t\t\t\t<div class=\"elementor-widget-container\">\n\t\t\t\t\t<h1 class=\"elementor-heading-title elementor-size-default\">Allgemeine Gesch\u00e4fts&shy;bedingungen<\/h1>\t\t\t\t<\/div>\n\t\t\t\t<\/div>\n\t\t\t\t\t<\/div>\n\t\t<\/div>\n\t\t\t\t\t<\/div>\n\t\t<\/section>\n\t\t\t\t<section class=\"elementor-section elementor-top-section elementor-element elementor-element-7b5e0f61 elementor-section-height-min-height elementor-section-items-bottom elementor-section-content-top elementor-reverse-mobile elementor-section-boxed elementor-section-height-default\" data-id=\"7b5e0f61\" data-element_type=\"section\" data-e-type=\"section\" data-settings=\"{&quot;background_background&quot;:&quot;classic&quot;}\">\n\t\t\t\t\t\t<div class=\"elementor-container elementor-column-gap-no\">\n\t\t\t\t\t<div class=\"elementor-column elementor-col-100 elementor-top-column elementor-element elementor-element-1f42bef1\" data-id=\"1f42bef1\" data-element_type=\"column\" data-e-type=\"column\" data-settings=\"{&quot;background_background&quot;:&quot;classic&quot;}\">\n\t\t\t<div class=\"elementor-widget-wrap elementor-element-populated\">\n\t\t\t\t\t\t<div class=\"elementor-element elementor-element-5c92f2f5 elementor-widget__width-initial elementor-widget elementor-widget-text-editor\" data-id=\"5c92f2f5\" data-element_type=\"widget\" data-e-type=\"widget\" data-widget_type=\"text-editor.default\">\n\t\t\t\t<div class=\"elementor-widget-container\">\n\t\t\t\t\t\t\t\t\t<p>Susanne Vollgold<br \/>Heilerin, Medium &amp; Coach<\/p><p>76530 Baden-Baden<br \/>Mobil 0049 7221 927793<\/p><p>susanne@herzvollgold.de<br \/>www.herzvollgold.de<\/p><h5>\u00a0<\/h5><h5>ALLGEMEINE GESCH\u00c4FTSBEDINGUNGEN<\/h5><h5>Abschnitt A: Allgemeiner Teil (gilt f\u00fcr alle Angebote)<\/h5><h5>\u00a7 1 Geltungsbereich und Vertragspartner<\/h5><ul><li>Diese Allgemeinen Gesch\u00e4ftsbedingungen (nachfolgend \u201eAGB\u201d) gelten f\u00fcr s\u00e4mtliche Vertr\u00e4ge, die zwischen<\/li><\/ul><p style=\"font-weight: 400;\">Susanne Vollgold<\/p><p style=\"font-weight: 400;\">Balzenbergstra\u00dfe 39<\/p><p style=\"font-weight: 400;\">76530 Baden-Baden<\/p><p style=\"font-weight: 400;\">Telefon: +49 (0) 173 6645463<\/p><p style=\"font-weight: 400;\">E-Mail: <a href=\"mailto:susanne@herzvollgold.de\">susanne@herzvollgold.de<\/a><\/p><p style=\"font-weight: 400;\">USt-IdNr.: DE 241349412<\/p><p style=\"font-weight: 400;\">(nachfolgend \u201eAnbieterin\u201d) und dem Kunden\/der Kundin (nachfolgend \u201eTeilnehmer\/in\u201d) \u00fcber die Webseiten www.herzvollgold.de und heilerderneuenzeit.mydigibiz24.com sowie \u00fcber sonstige Fernkommunikationsmittel geschlossen werden.<\/p><ul><li>Vertragspartnerin ist ausschlie\u00dflich die Anbieterin. Die Digistore24 GmbH, St.-Godehard-Stra\u00dfe 32, 31139 Hildesheim, fungiert lediglich als Zahlungsdienstleister und Reseller. Die inhaltliche Leistungserbringung (Kurse, Ausbildungen, Coaching, energetische Sitzungen) erfolgt ausschlie\u00dflich durch die Anbieterin.<\/li><li>Abweichende Bedingungen des Teilnehmers\/der Teilnehmerin werden nicht anerkannt, es sei denn, die Anbieterin stimmt ihrer Geltung ausdr\u00fccklich in Textform zu.<\/li><li>Die AGB gelten sowohl gegen\u00fcber Verbrauchern (\u00a7 13 BGB) als auch gegen\u00fcber Unternehmern (\u00a7 14 BGB).<\/li><\/ul><h5>\u00a7 2 Vertragsschluss<\/h5><ul><li>Die Darstellung der Angebote auf den Webseiten der Anbieterin stellt kein verbindliches Angebot dar, sondern eine Aufforderung zur Abgabe eines Angebots (invitatio ad offerendum).<\/li><li>Durch Absenden einer Bestellung \u00fcber die Webseite, per E-Mail oder durch m\u00fcndliche\/schriftliche Anmeldung gibt der\/die Teilnehmer\/in ein verbindliches Vertragsangebot ab.<\/li><li>Die Annahme des Angebots erfolgt durch die Anbieterin mittels Auftragsbest\u00e4tigung in Textform (E-Mail). Der Vertrag kommt erst mit Zugang dieser Best\u00e4tigung zustande.<\/li><li>Bei Vertr\u00e4gen \u00fcber Online-Ausbildungen, die dem FernUSG unterfallen, bedarf die auf den Vertragsschluss gerichtete Willenserkl\u00e4rung des Teilnehmers\/der Teilnehmerin der Textform (\u00a7 3 Abs. 1 FernUSG).<\/li><li>Die Anbieterin speichert den Vertragstext und sendet dem\/der Teilnehmer\/in die Bestelldaten und die AGB einschlie\u00dflich der Widerrufsbelehrung per E-Mail zu. Dies stellt zugleich die Vertragsbest\u00e4tigung gem\u00e4\u00df \u00a7 312f Abs. 2 BGB dar.<\/li><\/ul><h5>\u00a7 3 Preise und Zahlung<\/h5><ul><li>Alle angegebenen Preise sind Endpreise und enthalten die gesetzliche Umsatzsteuer von derzeit 19 %.<\/li><li>Die Zahlung erfolgt \u00fcber den Zahlungsdienstleister Digistore24 oder \u00fcber die auf der Webseite angebotenen Zahlungsmethoden.<\/li><li>Bei Ratenzahlung wird keine gesonderte Zinsbelastung erhoben, sofern nicht ausdr\u00fccklich anders vereinbart. Die Vereinbarung einer Ratenzahlung stellt keinen entgeltlichen Zahlungsaufschub im Sinne von \u00a7 506 BGB dar.<\/li><li>Im Fall des Zahlungsverzugs gelten die gesetzlichen Regelungen.<\/li><\/ul><h5>\u00a7 4 Gesetzlicher Hinweis<\/h5><ul><li>Energetisches Heilen, mediale und spirituelle Arbeit ersetzen weder den Besuch eines Arztes noch eines Heilpraktikers und deren diagnostische T\u00e4tigkeit oder Behandlung. \u00c4rztlich verschriebene Medikamente d\u00fcrfen nicht ohne R\u00fccksprache mit dem behandelnden Arzt abgesetzt werden.<\/li><li>Die Teilnahme an allen Angeboten der Anbieterin erfolgt in eigener Verantwortung. Es wird ausdr\u00fccklich keine Garantie f\u00fcr gesundheitliche, k\u00f6rperliche, finanzielle oder sonstige Ver\u00e4nderungen \u00fcbernommen.<\/li><\/ul><h5>\u00a7 5 Urheberrecht und geistiges Eigentum<\/h5><ul><li>S\u00e4mtliche Texte, Kursbezeichnungen, Inhaltsbeschreibungen, Videos, Skripte, Aufzeichnungen und sonstige Kursmaterialien sind geistiges Eigentum der Anbieterin und urheberrechtlich gesch\u00fctzt.<\/li><li>Die Nutzung der Inhalte ist ausschlie\u00dflich f\u00fcr den pers\u00f6nlichen Gebrauch des Teilnehmers\/der Teilnehmerin im Rahmen des gebuchten Angebots gestattet. Eine Vervielf\u00e4ltigung, Weitergabe an Dritte, Ver\u00f6ffentlichung oder gewerbliche Verwertung ist ohne vorherige schriftliche Zustimmung der Anbieterin untersagt.<\/li><li>Die Weitergabe von Zugangsdaten zu Lernplattformen oder gesch\u00fctzten Bereichen an Dritte ist nicht gestattet und kann zum Ausschluss vom Programm f\u00fchren.<\/li><\/ul><h5>\u00a7 6 Haftung<\/h5><ul><li>Die Anbieterin haftet unbeschr\u00e4nkt f\u00fcr Sch\u00e4den aus der Verletzung des Lebens, des K\u00f6rpers oder der Gesundheit, die auf einer vors\u00e4tzlichen oder fahrl\u00e4ssigen Pflichtverletzung der Anbieterin oder einer ihrer Erf\u00fcllungsgehilfen beruhen.<\/li><li>Im \u00dcbrigen haftet die Anbieterin nur f\u00fcr Sch\u00e4den, die auf vors\u00e4tzlichem oder grob fahrl\u00e4ssigem Verhalten beruhen. Bei der Verletzung wesentlicher Vertragspflichten (Kardinalpflichten) haftet die Anbieterin auch bei einfacher Fahrl\u00e4ssigkeit, wobei die Haftung auf den vertragstypisch vorhersehbaren Schaden begrenzt ist.<\/li><li>Weitergehende Haftungsanspr\u00fcche \u2013 insbesondere solche ohne Verschulden \u2013 sind ausgeschlossen, soweit gesetzlich zul\u00e4ssig.<\/li><\/ul><h5>\u00a7 7 Datenschutz<\/h5><p style=\"font-weight: 400;\">Die Verarbeitung personenbezogener Daten erfolgt gem\u00e4\u00df der Datenschutz-Grundverordnung (DSGVO) und dem Bundesdatenschutzgesetz (BDSG). Einzelheiten ergeben sich aus der gesonderten Datenschutzerkl\u00e4rung auf der Webseite der Anbieterin.<\/p><h5>\u00a7 8 Streitbeilegung<\/h5><ul><li>Die Europ\u00e4ische Kommission stellt eine Plattform zur Online-Streitbeilegung (OS) bereit: https:\/\/ec.europa.eu\/consumers\/odr.<\/li><li>Die Anbieterin ist weder bereit noch verpflichtet, an Streitbeilegungsverfahren vor einer Verbraucherschlichtungsstelle teilzunehmen.<\/li><\/ul><h5>\u00a7 9 Schlussbestimmungen<\/h5><ul><li>Es gilt das Recht der Bundesrepublik Deutschland unter Ausschluss des UN-Kaufrechts.<\/li><li>Sollten einzelne Bestimmungen dieser AGB unwirksam sein oder werden, bleibt die Wirksamkeit der \u00fcbrigen Bestimmungen unber\u00fchrt. Die unwirksame Bestimmung wird durch eine solche ersetzt, die dem wirtschaftlichen Zweck der unwirksamen Regelung am n\u00e4chsten kommt.<\/li><li>Erf\u00fcllungsort ist Baden-Baden. Gerichtsstand f\u00fcr Streitigkeiten mit Kaufleuten, juristischen Personen des \u00f6ffentlichen Rechts oder \u00f6ffentlich-rechtlichen Sonderverm\u00f6gen ist Baden-Baden.<\/li><\/ul><h5>\u00a0<\/h5><h5>Abschnitt B: Besonderer Teil \u2013 Online-Shop (herzvollgold.de\/shop)<\/h5><h5>\u00a7 10 Gegenstand<\/h5><ul><li>Dieser Abschnitt gilt f\u00fcr den Erwerb von digitalen Inhalten (Meditationen, Selbstlern-Kurse) \u00fcber den Online-Shop auf herzvollgold.de\/shop.<\/li><li>Die digitalen Inhalte werden als Download oder Streaming-Zugang bereitgestellt. Eine pers\u00f6nliche Betreuung oder Lernerfolgskontrolle ist nicht Vertragsbestandteil.<\/li><\/ul><h5>\u00a7 11 Bereitstellung digitaler Inhalte<\/h5><ul><li>Die digitalen Inhalte werden nach Zahlungseingang und \u2013 sofern der\/die Teilnehmer\/in ausdr\u00fccklich zugestimmt hat \u2013 unmittelbar nach Vertragsschluss zum Download oder Streaming bereitgestellt.<\/li><li>Das Widerrufsrecht erlischt, wenn die Anbieterin mit der Ausf\u00fchrung des Vertrags (Bereitstellung des Downloads\/Streamings) begonnen hat und der\/die Teilnehmer\/in zuvor:<\/li><li>ausdr\u00fccklich zugestimmt hat, dass die Anbieterin mit der Ausf\u00fchrung des Vertrags vor Ablauf der Widerrufsfrist beginnt, und<\/li><li>seine\/ihre Kenntnis davon best\u00e4tigt hat, dass er\/sie durch die Zustimmung mit Beginn der Ausf\u00fchrung des Vertrags sein\/ihr Widerrufsrecht verliert (\u00a7 356 Abs. 5 BGB).<\/li><\/ul><h5>\u00a7 12 Gew\u00e4hrleistung<\/h5><p style=\"font-weight: 400;\">Es gelten die gesetzlichen Gew\u00e4hrleistungsrechte.<\/p><h5>\u00a0<\/h5><h5>Abschnitt C: Besonderer Teil \u2013 \u201eDaily Dose of Gold\u201d (Abo-Programm)<\/h5><h5>\u00a7 13 Gegenstand<\/h5><ul><li>Dieser Abschnitt gilt f\u00fcr das Abo-Programm \u201eDaily Dose of Gold\u201d, das t\u00e4gliche Energie\u00fcbertragungen und w\u00f6chentliche Live-Zoom-Calls umfasst.<\/li><li>Das Programm ist ein Dienstleistungsvertrag. Es werden keine Kenntnisse im Sinne eines Fernunterrichts vermittelt; die Live-Calls dienen der energetischen Begleitung und dem pers\u00f6nlichen Austausch.<\/li><\/ul><h5>\u00a7 14 Laufzeit und K\u00fcndigung<\/h5><ul><li>Das Abo hat eine Mindestlaufzeit von drei Monaten. Nach Ablauf der Mindestlaufzeit verl\u00e4ngert sich das Abo jeweils um einen weiteren Monat, sofern es nicht mit einer Frist von 14 Tagen zum Ende des jeweiligen Verl\u00e4ngerungsmonats gek\u00fcndigt wird.<\/li><li>Die K\u00fcndigung bedarf der Textform (E-Mail gen\u00fcgt).<\/li><li>Das Recht zur K\u00fcndigung aus wichtigem Grund bleibt unber\u00fchrt.<\/li><\/ul><h5>\u00a7 15 Aufzeichnung der Live-Calls<\/h5><ul><li>Die w\u00f6chentlichen Live-Calls werden aufgezeichnet und im gesch\u00fctzten Portalbereich f\u00fcr die Dauer der Vertragslaufzeit zum Abruf bereitgestellt.<\/li><li>Die Aufzeichnungen stellen eine erg\u00e4nzende Zusatzleistung dar. Der vertragliche Schwerpunkt liegt auf der synchronen Teilnahme an den Live-Calls.<\/li><li>Mit Beendigung des Abos endet der Zugang zum Portal und den Aufzeichnungen.<\/li><\/ul><h5>\u00a7 16 Erl\u00f6schen des Widerrufsrechts bei Dienstleistungen<\/h5><p style=\"font-weight: 400;\">Das Widerrufsrecht erlischt bei vollst\u00e4ndiger Erbringung der Dienstleistung, wenn der\/die Teilnehmer\/in vor Beginn der Erbringung: &#8211; ausdr\u00fccklich zugestimmt hat, dass die Anbieterin mit der Erbringung der Dienstleistung vor Ablauf der Widerrufsfrist beginnt, und &#8211; seine\/ihre Kenntnis davon best\u00e4tigt hat, dass sein\/ihr Widerrufsrecht mit vollst\u00e4ndiger Vertragserf\u00fcllung durch die Anbieterin erlischt (\u00a7 356 Abs. 4 Nr. 2 BGB).<\/p><h5>\u00a0<\/h5><h5>Abschnitt D: Besonderer Teil \u2013 Online-Trainings (Lernportal)<\/h5><h5>\u00a7 17 Gegenstand und Einordnung<\/h5><ul><li>Dieser Abschnitt gilt f\u00fcr die Online-Trainings der Anbieterin (z. B. \u201eIntensiv-Training \u201eHeiler der Neuen Zeit\u201d, Intensiv-Training \u201eMedium der Neuen Zeit\u201d), die \u00fcber das Lernportal heilerderneuenzeit.mydigibiz24.com und die Plattform Zoom durchgef\u00fchrt werden.<\/li><li>Die Trainings umfassen insbesondere:<\/li><li>Regelm\u00e4\u00dfige Live-Zoom-Calls (synchron, bidirektional) mit der Anbieterin und der Teilnehmergruppe, die den wesentlichen Bestandteil des Trainings bilden. Die Live-Calls haben einen Umfang von ca. 36\u201340 Stunden je Training.<\/li><li>Fragerunden in jedem Live-Call sowie eine WhatsApp-Gruppe f\u00fcr den individuellen Austausch.<\/li><li>Begleitmaterial in Form von Aufzeichnungen ausgew\u00e4hlter Live-Calls (ca. 6 Stunden), das den Teilnehmern jeweils f\u00fcr einen Zeitraum von zwei Wochen nach dem jeweiligen Live-Call zum Abruf auf dem Lernportal bereitgestellt wird.<\/li><li>Eine Teilnahmeurkunde nach Abschluss des Trainings.<\/li><li>Der Schwerpunkt der Leistungserbringung liegt auf der synchronen, live stattfindenden Interaktion zwischen der Anbieterin und den Teilnehmern. Die als Begleitmaterial zur Verf\u00fcgung gestellten Aufzeichnungen sind lediglich erg\u00e4nzende Zusatzleistungen von untergeordneter Bedeutung.<\/li><\/ul><h5>\u00a7 18 Vertragsschluss<\/h5><ul><li>Der Vertragsschluss erfolgt nach Ma\u00dfgabe von \u00a7 2 des Allgemeinen Teils.<\/li><li>Die Anbieterin empfiehlt den Vertragsschluss in Textform (z. B. per E-Mail oder \u00fcber das Bestellformular auf der Webseite). Die Anbieterin versendet nach Vertragsschluss eine Vertragsbest\u00e4tigung in Textform, die den wesentlichen Vertragsinhalt, die AGB, die Widerrufsbelehrung und das Muster-Widerrufsformular enth\u00e4lt.<\/li><\/ul><h5>\u00a7 19 Laufzeit, Beendigung und K\u00fcndigung<\/h5><ul><li>Die Trainings sind als befristete Vertr\u00e4ge ausgestaltet<\/li><li>Intensiv-Training \u201eHeiler der Neuen Zeit\u201c: Laufzeit von 3 Monaten ab dem vertraglich vereinbarten Startdatum.<\/li><li>Intensiv-Training \u201eMedium der Neuen Zeit\u201c: Laufzeit von 6 Monaten ab dem vertraglich vereinbarten Startdatum.<\/li><li>Der Vertrag endet automatisch mit Ablauf der vereinbarten Laufzeit, ohne dass es einer K\u00fcndigung bedarf (\u00a7 620 Abs. 1 BGB).<\/li><li>W\u00e4hrend der vereinbarten Laufzeit ist eine ordentliche K\u00fcndigung nicht vorgesehen, da es sich um befristete Vertr\u00e4ge mit bestimmter Dauer handelt.<\/li><li>Beide Vertragsparteien k\u00f6nnen das Vertragsverh\u00e4ltnis jederzeit aus wichtigem Grund ohne Einhaltung einer K\u00fcndigungsfrist k\u00fcndigen (\u00a7 626 BGB). Ein wichtiger Grund liegt vor, wenn dem k\u00fcndigenden Teil unter Ber\u00fccksichtigung aller Umst\u00e4nde des Einzelfalls und unter Abw\u00e4gung der beiderseitigen Interessen die Fortsetzung des Vertragsverh\u00e4ltnisses bis zum vereinbarten Beendigungszeitpunkt nicht zugemutet werden kann.<\/li><li>Jede K\u00fcndigung bedarf der Schriftform.<\/li><\/ul><h5>\u00a7 20 Stornierung vor Trainingsbeginn<\/h5><ul><li>Eine Stornierung vor Beginn des Trainings ist unter folgenden Bedingungen m\u00f6glich:<\/li><li style=\"font-weight: 400;\">Stornierung bis 30 Tage vor dem Startdatum: kostenfrei<\/li><li style=\"font-weight: 400;\">Stornierung bis 14 Tage vor dem Startdatum: 30 % des Gesamtpreises<\/li><li style=\"font-weight: 400;\">Stornierung weniger als 14 Tage vor dem Startdatum: 50 % des Gesamtpreises<\/li><\/ul><ul><li>Dem\/der Teilnehmer\/in bleibt der Nachweis vorbehalten, dass der Anbieterin kein oder ein wesentlich geringerer Schaden entstanden ist als die jeweils vorgesehene Pauschale (\u00a7 309 Nr. 5 lit. b BGB).<\/li><li>Der Anbieterin bleibt vorbehalten, einen nachweislich h\u00f6heren Schaden geltend zu machen.<\/li><\/ul><h5>\u00a7 21 Verg\u00fctung bei vorzeitiger Beendigung<\/h5><ul><li>Im Falle einer au\u00dferordentlichen K\u00fcndigung durch den\/die Teilnehmer\/in aus wichtigem Grund (\u00a7 626 BGB) schuldet der\/die Teilnehmer\/in nur den Teil der Verg\u00fctung, der dem Verh\u00e4ltnis der bereits erbrachten Leistungen zum Gesamtumfang der vereinbarten Leistungen entspricht.<\/li><li>Im Falle einer au\u00dferordentlichen K\u00fcndigung durch die Anbieterin aus wichtigem Grund, der vom\/von der Teilnehmer\/in zu vertreten ist, bleibt der Verg\u00fctungsanspruch der Anbieterin f\u00fcr die gesamte Laufzeit bestehen; die Anbieterin muss sich jedoch ersparte Aufwendungen und anderweitigen Erwerb anrechnen lassen (\u00a7 628 Abs. 2 BGB analog).<\/li><\/ul><h5>\u00a7 22 Zugang zum Lernportal und Begleitmaterial<\/h5><ul><li>Aufzeichnungen von Live-Calls werden jeweils innerhalb von zwei Werktagen nach dem jeweiligen Live-Call als Begleitmaterial auf dem Lernportal bereitgestellt und sind f\u00fcr einen Zeitraum von zwei Wochen nach Freischaltung abrufbar. Nach Ablauf dieses Zeitraums wird der Zugang zu der jeweiligen Aufzeichnung automatisch deaktiviert.<\/li><li>Der Zugang ist personenbezogen und nicht \u00fcbertragbar.<\/li><li>Der Zugang zum Lernportal endet sp\u00e4testens mit Beendigung des Vertragsverh\u00e4ltnisses, gleich aus welchem Grund.<\/li><\/ul><h5>\u00a7 23 Teilnahmebest\u00e4tigung<\/h5><ul><li>Nach Abschluss des Trainings erh\u00e4lt der\/die Teilnehmer\/in eine Teilnahmeurkunde, die die Teilnahme am Training best\u00e4tigt.<\/li><li>Das Teilnahmezertifikat best\u00e4tigt ausschlie\u00dflich die Teilnahme. Es handelt sich nicht um einen staatlich anerkannten oder berufsqualifizierenden Abschluss und beinhaltet keine Leistungsbewertung.<\/li><\/ul>\t\t\t\t\t\t\t\t<\/div>\n\t\t\t\t<\/div>\n\t\t\t\t\t<\/div>\n\t\t<\/div>\n\t\t\t\t\t<\/div>\n\t\t<\/section>\n\t\t\t\t<\/div>\n\t\t","protected":false},"excerpt":{"rendered":"<p>Allgemeine Gesch\u00e4fts&shy;bedingungen Susanne VollgoldHeilerin, Medium &amp; Coach 76530 Baden-BadenMobil 0049 7221 927793 susanne@herzvollgold.dewww.herzvollgold.de \u00a0 ALLGEMEINE GESCH\u00c4FTSBEDINGUNGEN Abschnitt A: Allgemeiner Teil (gilt f\u00fcr alle Angebote) \u00a7 1 Geltungsbereich und Vertragspartner Diese Allgemeinen Gesch\u00e4ftsbedingungen (nachfolgend \u201eAGB\u201d) gelten f\u00fcr s\u00e4mtliche Vertr\u00e4ge, die zwischen Susanne Vollgold Balzenbergstra\u00dfe 39 76530 Baden-Baden Telefon: +49 (0) 173 6645463 E-Mail: susanne@herzvollgold.de USt-IdNr.: DE [&hellip;]<\/p>\n","protected":false},"author":3,"featured_media":0,"parent":0,"menu_order":0,"comment_status":"closed","ping_status":"closed","template":"","meta":{"footnotes":""},"class_list":["post-9290","page","type-page","status-publish","hentry"],"_links":{"self":[{"href":"https:\/\/herzvollgold.de\/en\/wp-json\/wp\/v2\/pages\/9290","targetHints":{"allow":["GET"]}}],"collection":[{"href":"https:\/\/herzvollgold.de\/en\/wp-json\/wp\/v2\/pages"}],"about":[{"href":"https:\/\/herzvollgold.de\/en\/wp-json\/wp\/v2\/types\/page"}],"author":[{"embeddable":true,"href":"https:\/\/herzvollgold.de\/en\/wp-json\/wp\/v2\/users\/3"}],"replies":[{"embeddable":true,"href":"https:\/\/herzvollgold.de\/en\/wp-json\/wp\/v2\/comments?post=9290"}],"version-history":[{"count":13,"href":"https:\/\/herzvollgold.de\/en\/wp-json\/wp\/v2\/pages\/9290\/revisions"}],"predecessor-version":[{"id":9403,"href":"https:\/\/herzvollgold.de\/en\/wp-json\/wp\/v2\/pages\/9290\/revisions\/9403"}],"wp:attachment":[{"href":"https:\/\/herzvollgold.de\/en\/wp-json\/wp\/v2\/media?parent=9290"}],"curies":[{"name":"wp","href":"https:\/\/api.w.org\/{rel}","templated":true}]}}